{"id":466,"date":"2018-02-04T12:35:54","date_gmt":"2018-02-04T15:35:54","guid":{"rendered":"http:\/\/guiaforte.com.br\/cabofrio\/?page_id=466"},"modified":"2019-09-12T17:17:28","modified_gmt":"2019-09-12T20:17:28","slug":"anunciar-no-guia-tudo-de-festa-2","status":"publish","type":"page","link":"https:\/\/tudodefestaoficial.com\/guia\/anunciar-no-guia-tudo-de-festa-2\/","title":{"rendered":"Anunciar no Guia Tudo de Festa"},"content":{"rendered":"<h1><img loading=\"lazy\" decoding=\"async\" class=\"aligncenter wp-image-459 size-full\" src=\"http:\/\/guiaforte.com.br\/cabofrio\/wp-content\/uploads\/2018\/02\/anunciar-no-google-primeiro-lugar-em-cabo-frio.jpg\" alt=\"\" width=\"749\" height=\"421\" \/><\/h1>\n<h2 style=\"text-align: center;\"><span style=\"color: #ff0000;\">Seja Encontrado! Divulgue sua empresa ou servi\u00e7o por menos de R$17 por m\u00eas!<br \/>\n<\/span><\/h2>\n<hr \/>\n<p><img loading=\"lazy\" decoding=\"async\" class=\"alignnone wp-image-2101 \" src=\"https:\/\/tudodefestaoficial.com\/guia\/wp-content\/uploads\/2019\/09\/para-o-guia.jpg\" alt=\"\" width=\"1028\" height=\"152\" \/><\/p>\n<p>&nbsp;<\/p>\n<p>&nbsp;<\/p>\n<p>Apare\u00e7a para quem est\u00e1 te procurando! Por apenas <strong>R$ 200,00<\/strong>\u00a0<strong>por ano<\/strong> colocamos a sua empresa nas primeiras p\u00e1ginas do Google todos os dias.<\/p>\n<p><span style=\"color: #008000;\"><u>O an\u00fancio no Guia tudo de festa Custa <strong>R$ 200,<\/strong> por ano e \u00e9 por tempo limitado<\/u><\/span><\/p>\n<p>Voc\u00ea ter\u00e1 direito a administrar seu an\u00fancio quando quiser e ter\u00e1 uma grande visibilidade no buscador do Google onde nosso trabalho \u00e9 ficar em primeira p\u00e1gina em todas as atividades locais na cidade de Cabo Frio.<\/p>\n<p><strong><u>Recursos:<\/u><\/strong><\/p>\n<ul>\n<li><i class=\"fa fa-check-square fa-verde \" ><\/i> Administra\u00e7\u00e3o completa para atualiza\u00e7\u00e3o de sua p\u00e1gina<\/li>\n<li><i class=\"fa fa-check-square fa-verde \" ><\/i> Mapa de Localiza\u00e7\u00e3o do seu neg\u00f3cio<\/li>\n<li><i class=\"fa fa-check-square fa-verde \" ><\/i> Logomarca + Galeria de Fotos<\/li>\n<li><i class=\"fa fa-check-square fa-verde \" ><\/i> Link para Seu site oficial e Facebook<\/li>\n<li><i class=\"fa fa-check-square fa-verde \" ><\/i> Link para seu WhatsApp (chamada direta)<\/li>\n<li><i class=\"fa fa-check-square fa-verde \" ><\/i> Link para seu Telefone (chamada direta)<\/li>\n<li><i class=\"fa fa-check-square fa-verde \" ><\/i> Formul\u00e1rio de Contato direto ao seu E-Mail<\/li>\n<li><i class=\"fa fa-check-square fa-verde \" ><\/i> Avalia\u00e7\u00e3o de visitantes \u00e0 sua empresa<\/li>\n<li><i class=\"fa fa-check-square fa-verde \" ><\/i> Cadastro em at\u00e9 5 categorias<\/li>\n<\/ul>\n<p>O Pagamento \u00e9 feito via <strong>Pagseguro.<\/strong><\/p>\n<p><a title=\"Pagar com PagSeguro\" href=\"https:\/\/pag.ae\/7VfyC5yHM\/button\" target=\"_blank\" rel=\"noopener noreferrer\"><img decoding=\"async\" style=\"width: 250px!important;\" src=\"\/\/assets.pagseguro.com.br\/ps-integration-assets\/botoes\/pagamentos\/205x30-pagar.gif\" alt=\"Pague com PagSeguro - \u00e9 r\u00e1pido, gr\u00e1tis e seguro!\" \/><\/a><\/p>\n","protected":false},"excerpt":{"rendered":"<p>Seja Encontrado! Divulgue sua empresa ou servi\u00e7o por menos de R$17 por m\u00eas! &nbsp; &nbsp; Apare\u00e7a para quem est\u00e1 te procurando! Por apenas R$ 200,00\u00a0por ano colocamos a sua empresa nas primeiras p\u00e1ginas do Google todos os dias. O an\u00fancio no Guia tudo de festa Custa R$ 200, por ano e \u00e9 por tempo limitado [&hellip;]<\/p>\n","protected":false},"author":2,"featured_media":0,"parent":0,"menu_order":0,"comment_status":"closed","ping_status":"closed","template":"template\/r-sidebar.php","meta":{"footnotes":""},"class_list":["post-466","page","type-page","status-publish","hentry"],"yoast_head":"\n<title>Anunciar no Guia Tudo de Festa - Guia Tudo de Festa<\/title>\n<meta name=\"robots\" content=\"index, follow, max-snippet:-1, max-image-preview:large, max-video-preview:-1\" \/>\n<link rel=\"canonical\" href=\"https:\/\/tudodefestaoficial.com\/guia\/anunciar-no-guia-tudo-de-festa-2\/\" \/>\n<meta property=\"og:locale\" content=\"pt_BR\" \/>\n<meta property=\"og:type\" content=\"article\" \/>\n<meta property=\"og:title\" content=\"Anunciar no Guia Tudo de Festa - Guia Tudo de Festa\" \/>\n<meta property=\"og:description\" content=\"Seja Encontrado! Divulgue sua empresa ou servi\u00e7o por menos de R$17 por m\u00eas! &nbsp; &nbsp; Apare\u00e7a para quem est\u00e1 te procurando! Por apenas R$ 200,00\u00a0por ano colocamos a sua empresa nas primeiras p\u00e1ginas do Google todos os dias. O an\u00fancio no Guia tudo de festa Custa R$ 200, por ano e \u00e9 por tempo limitado [&hellip;]\" \/>\n<meta property=\"og:url\" content=\"https:\/\/tudodefestaoficial.com\/guia\/anunciar-no-guia-tudo-de-festa-2\/\" \/>\n<meta property=\"og:site_name\" content=\"Guia Tudo de Festa\" \/>\n<meta property=\"article:modified_time\" content=\"2019-09-12T20:17:28+00:00\" \/>\n<meta property=\"og:image\" content=\"http:\/\/guiaforte.com.br\/cabofrio\/wp-content\/uploads\/2018\/02\/anunciar-no-google-primeiro-lugar-em-cabo-frio.jpg\" \/>\n<meta name=\"twitter:card\" content=\"summary_large_image\" \/>\n<meta name=\"twitter:label1\" content=\"Est. tempo de leitura\" \/>\n\t<meta name=\"twitter:data1\" content=\"1 minuto\" \/>\n<script type=\"application\/ld+json\" class=\"yoast-schema-graph\">{\"@context\":\"https:\/\/schema.org\",\"@graph\":[{\"@type\":\"WebPage\",\"@id\":\"https:\/\/tudodefestaoficial.com\/guia\/anunciar-no-guia-tudo-de-festa-2\/\",\"url\":\"https:\/\/tudodefestaoficial.com\/guia\/anunciar-no-guia-tudo-de-festa-2\/\",\"name\":\"Anunciar no Guia Tudo de Festa - Guia Tudo de Festa\",\"isPartOf\":{\"@id\":\"https:\/\/tudodefestaoficial.com\/guia\/#website\"},\"primaryImageOfPage\":{\"@id\":\"https:\/\/tudodefestaoficial.com\/guia\/anunciar-no-guia-tudo-de-festa-2\/#primaryimage\"},\"image\":{\"@id\":\"https:\/\/tudodefestaoficial.com\/guia\/anunciar-no-guia-tudo-de-festa-2\/#primaryimage\"},\"thumbnailUrl\":\"http:\/\/guiaforte.com.br\/cabofrio\/wp-content\/uploads\/2018\/02\/anunciar-no-google-primeiro-lugar-em-cabo-frio.jpg\",\"datePublished\":\"2018-02-04T15:35:54+00:00\",\"dateModified\":\"2019-09-12T20:17:28+00:00\",\"breadcrumb\":{\"@id\":\"https:\/\/tudodefestaoficial.com\/guia\/anunciar-no-guia-tudo-de-festa-2\/#breadcrumb\"},\"inLanguage\":\"pt-BR\",\"potentialAction\":[{\"@type\":\"ReadAction\",\"target\":[\"https:\/\/tudodefestaoficial.com\/guia\/anunciar-no-guia-tudo-de-festa-2\/\"]}]},{\"@type\":\"ImageObject\",\"inLanguage\":\"pt-BR\",\"@id\":\"https:\/\/tudodefestaoficial.com\/guia\/anunciar-no-guia-tudo-de-festa-2\/#primaryimage\",\"url\":\"http:\/\/guiaforte.com.br\/cabofrio\/wp-content\/uploads\/2018\/02\/anunciar-no-google-primeiro-lugar-em-cabo-frio.jpg\",\"contentUrl\":\"http:\/\/guiaforte.com.br\/cabofrio\/wp-content\/uploads\/2018\/02\/anunciar-no-google-primeiro-lugar-em-cabo-frio.jpg\"},{\"@type\":\"BreadcrumbList\",\"@id\":\"https:\/\/tudodefestaoficial.com\/guia\/anunciar-no-guia-tudo-de-festa-2\/#breadcrumb\",\"itemListElement\":[{\"@type\":\"ListItem\",\"position\":1,\"name\":\"In\u00edcio\",\"item\":\"https:\/\/tudodefestaoficial.com\/guia\/\"},{\"@type\":\"ListItem\",\"position\":2,\"name\":\"Anunciar no Guia Tudo de Festa\"}]},{\"@type\":\"WebSite\",\"@id\":\"https:\/\/tudodefestaoficial.com\/guia\/#website\",\"url\":\"https:\/\/tudodefestaoficial.com\/guia\/\",\"name\":\"Guia Tudo de Festa\",\"description\":\"Tudo para sua Festa na Regi\u00e3o dos Lagos\",\"potentialAction\":[{\"@type\":\"SearchAction\",\"target\":{\"@type\":\"EntryPoint\",\"urlTemplate\":\"https:\/\/tudodefestaoficial.com\/guia\/?s={search_term_string}\"},\"query-input\":{\"@type\":\"PropertyValueSpecification\",\"valueRequired\":true,\"valueName\":\"search_term_string\"}}],\"inLanguage\":\"pt-BR\"}]}<\/script>\n","yoast_head_json":{"title":"Anunciar no Guia Tudo de Festa - Guia Tudo de Festa","robots":{"index":"index","follow":"follow","max-snippet":"max-snippet:-1","max-image-preview":"max-image-preview:large","max-video-preview":"max-video-preview:-1"},"canonical":"https:\/\/tudodefestaoficial.com\/guia\/anunciar-no-guia-tudo-de-festa-2\/","og_locale":"pt_BR","og_type":"article","og_title":"Anunciar no Guia Tudo de Festa - Guia Tudo de Festa","og_description":"Seja Encontrado! Divulgue sua empresa ou servi\u00e7o por menos de R$17 por m\u00eas! &nbsp; &nbsp; Apare\u00e7a para quem est\u00e1 te procurando! Por apenas R$ 200,00\u00a0por ano colocamos a sua empresa nas primeiras p\u00e1ginas do Google todos os dias. O an\u00fancio no Guia tudo de festa Custa R$ 200, por ano e \u00e9 por tempo limitado [&hellip;]","og_url":"https:\/\/tudodefestaoficial.com\/guia\/anunciar-no-guia-tudo-de-festa-2\/","og_site_name":"Guia Tudo de Festa","article_modified_time":"2019-09-12T20:17:28+00:00","og_image":[{"url":"http:\/\/guiaforte.com.br\/cabofrio\/wp-content\/uploads\/2018\/02\/anunciar-no-google-primeiro-lugar-em-cabo-frio.jpg","type":"","width":"","height":""}],"twitter_card":"summary_large_image","twitter_misc":{"Est. tempo de leitura":"1 minuto"},"schema":{"@context":"https:\/\/schema.org","@graph":[{"@type":"WebPage","@id":"https:\/\/tudodefestaoficial.com\/guia\/anunciar-no-guia-tudo-de-festa-2\/","url":"https:\/\/tudodefestaoficial.com\/guia\/anunciar-no-guia-tudo-de-festa-2\/","name":"Anunciar no Guia Tudo de Festa - Guia Tudo de Festa","isPartOf":{"@id":"https:\/\/tudodefestaoficial.com\/guia\/#website"},"primaryImageOfPage":{"@id":"https:\/\/tudodefestaoficial.com\/guia\/anunciar-no-guia-tudo-de-festa-2\/#primaryimage"},"image":{"@id":"https:\/\/tudodefestaoficial.com\/guia\/anunciar-no-guia-tudo-de-festa-2\/#primaryimage"},"thumbnailUrl":"http:\/\/guiaforte.com.br\/cabofrio\/wp-content\/uploads\/2018\/02\/anunciar-no-google-primeiro-lugar-em-cabo-frio.jpg","datePublished":"2018-02-04T15:35:54+00:00","dateModified":"2019-09-12T20:17:28+00:00","breadcrumb":{"@id":"https:\/\/tudodefestaoficial.com\/guia\/anunciar-no-guia-tudo-de-festa-2\/#breadcrumb"},"inLanguage":"pt-BR","potentialAction":[{"@type":"ReadAction","target":["https:\/\/tudodefestaoficial.com\/guia\/anunciar-no-guia-tudo-de-festa-2\/"]}]},{"@type":"ImageObject","inLanguage":"pt-BR","@id":"https:\/\/tudodefestaoficial.com\/guia\/anunciar-no-guia-tudo-de-festa-2\/#primaryimage","url":"http:\/\/guiaforte.com.br\/cabofrio\/wp-content\/uploads\/2018\/02\/anunciar-no-google-primeiro-lugar-em-cabo-frio.jpg","contentUrl":"http:\/\/guiaforte.com.br\/cabofrio\/wp-content\/uploads\/2018\/02\/anunciar-no-google-primeiro-lugar-em-cabo-frio.jpg"},{"@type":"BreadcrumbList","@id":"https:\/\/tudodefestaoficial.com\/guia\/anunciar-no-guia-tudo-de-festa-2\/#breadcrumb","itemListElement":[{"@type":"ListItem","position":1,"name":"In\u00edcio","item":"https:\/\/tudodefestaoficial.com\/guia\/"},{"@type":"ListItem","position":2,"name":"Anunciar no Guia Tudo de Festa"}]},{"@type":"WebSite","@id":"https:\/\/tudodefestaoficial.com\/guia\/#website","url":"https:\/\/tudodefestaoficial.com\/guia\/","name":"Guia Tudo de Festa","description":"Tudo para sua Festa na Regi\u00e3o dos Lagos","potentialAction":[{"@type":"SearchAction","target":{"@type":"EntryPoint","urlTemplate":"https:\/\/tudodefestaoficial.com\/guia\/?s={search_term_string}"},"query-input":{"@type":"PropertyValueSpecification","valueRequired":true,"valueName":"search_term_string"}}],"inLanguage":"pt-BR"}]}},"_links":{"self":[{"href":"https:\/\/tudodefestaoficial.com\/guia\/wp-json\/wp\/v2\/pages\/466","targetHints":{"allow":["GET"]}}],"collection":[{"href":"https:\/\/tudodefestaoficial.com\/guia\/wp-json\/wp\/v2\/pages"}],"about":[{"href":"https:\/\/tudodefestaoficial.com\/guia\/wp-json\/wp\/v2\/types\/page"}],"author":[{"embeddable":true,"href":"https:\/\/tudodefestaoficial.com\/guia\/wp-json\/wp\/v2\/users\/2"}],"replies":[{"embeddable":true,"href":"https:\/\/tudodefestaoficial.com\/guia\/wp-json\/wp\/v2\/comments?post=466"}],"version-history":[{"count":32,"href":"https:\/\/tudodefestaoficial.com\/guia\/wp-json\/wp\/v2\/pages\/466\/revisions"}],"predecessor-version":[{"id":2117,"href":"https:\/\/tudodefestaoficial.com\/guia\/wp-json\/wp\/v2\/pages\/466\/revisions\/2117"}],"wp:attachment":[{"href":"https:\/\/tudodefestaoficial.com\/guia\/wp-json\/wp\/v2\/media?parent=466"}],"curies":[{"name":"wp","href":"https:\/\/api.w.org\/{rel}","templated":true}]}}